{"id":286,"date":"2025-04-18T12:43:01","date_gmt":"2025-04-18T10:43:01","guid":{"rendered":"https:\/\/sirius.desafioweb.com\/index.php\/e-books\/"},"modified":"2025-04-20T17:18:41","modified_gmt":"2025-04-20T15:18:41","slug":"e-books","status":"publish","type":"page","link":"https:\/\/www.sirionracing.com\/index.php\/e-books\/","title":{"rendered":"E &#8211; Books"},"content":{"rendered":"\t\t<div data-elementor-type=\"wp-page\" data-elementor-id=\"286\" class=\"elementor elementor-286\" data-elementor-post-type=\"page\">\n\t\t\t\t<div class=\"elementor-element elementor-element-5d0570cb e-flex e-con-boxed e-con e-parent\" data-id=\"5d0570cb\" data-element_type=\"container\">\n\t\t\t\t\t<div class=\"e-con-inner\">\n\t\t<div class=\"elementor-element elementor-element-71960089 e-con-full e-flex e-con e-child\" data-id=\"71960089\" data-element_type=\"container\">\n\t\t\t\t<div class=\"elementor-element elementor-element-1fff498f elementor-widget elementor-widget-heading\" data-id=\"1fff498f\" data-element_type=\"widget\" data-widget_type=\"heading.default\">\n\t\t\t\t<div class=\"elementor-widget-container\">\n\t\t\t\t\t<h3 class=\"elementor-heading-title elementor-size-default\">Meet the team <\/h3>\t\t\t\t<\/div>\n\t\t\t\t<\/div>\n\t\t\t\t<div class=\"elementor-element elementor-element-4f22ebac elementor-widget elementor-widget-heading\" data-id=\"4f22ebac\" data-element_type=\"widget\" data-widget_type=\"heading.default\">\n\t\t\t\t<div class=\"elementor-widget-container\">\n\t\t\t\t\t<h1 class=\"elementor-heading-title elementor-size-default\">Who is behind sirion racing?<\/h1>\t\t\t\t<\/div>\n\t\t\t\t<\/div>\n\t\t\t\t<\/div>\n\t\t<div class=\"elementor-element elementor-element-cdcf845 e-con-full e-flex e-con e-child\" data-id=\"cdcf845\" data-element_type=\"container\">\n\t\t\t\t<div class=\"elementor-element elementor-element-444ff2d elementor-widget elementor-widget-image\" data-id=\"444ff2d\" data-element_type=\"widget\" data-widget_type=\"image.default\">\n\t\t\t\t<div class=\"elementor-widget-container\">\n\t\t\t\t\t\t\t\t\t\t\t\t\t\t\t<img fetchpriority=\"high\" decoding=\"async\" width=\"611\" height=\"408\" src=\"https:\/\/www.sirionracing.com\/wp-content\/uploads\/2025\/04\/b4ea05b0-73cd-424a-b223-5e25218ae2dc-removebg-preview.png\" class=\"attachment-large size-large wp-image-483\" alt=\"\" srcset=\"https:\/\/www.sirionracing.com\/wp-content\/uploads\/2025\/04\/b4ea05b0-73cd-424a-b223-5e25218ae2dc-removebg-preview.png 611w, https:\/\/www.sirionracing.com\/wp-content\/uploads\/2025\/04\/b4ea05b0-73cd-424a-b223-5e25218ae2dc-removebg-preview-300x200.png 300w\" sizes=\"(max-width: 611px) 100vw, 611px\" \/>\t\t\t\t\t\t\t\t\t\t\t\t\t\t\t<\/div>\n\t\t\t\t<\/div>\n\t\t\t\t<\/div>\n\t\t\t\t\t<\/div>\n\t\t\t\t<\/div>\n\t\t<div class=\"elementor-element elementor-element-219ab8 e-flex e-con-boxed e-con e-parent\" data-id=\"219ab8\" data-element_type=\"container\" id=\"workout_plan\">\n\t\t\t\t\t<div class=\"e-con-inner\">\n\t\t<div class=\"elementor-element elementor-element-78043847 e-con-full e-flex e-con e-child\" data-id=\"78043847\" data-element_type=\"container\">\n\t\t\t\t<div class=\"elementor-element elementor-element-63fc3b43 elementor-widget elementor-widget-image\" data-id=\"63fc3b43\" data-element_type=\"widget\" data-widget_type=\"image.default\">\n\t\t\t\t<div class=\"elementor-widget-container\">\n\t\t\t\t\t\t\t\t\t\t\t\t\t\t\t<img decoding=\"async\" width=\"1536\" height=\"1028\" src=\"https:\/\/www.sirionracing.com\/wp-content\/uploads\/2025\/04\/insti.jpg\" class=\"attachment-full size-full wp-image-527\" alt=\"\" srcset=\"https:\/\/www.sirionracing.com\/wp-content\/uploads\/2025\/04\/insti.jpg 1536w, https:\/\/www.sirionracing.com\/wp-content\/uploads\/2025\/04\/insti-300x201.jpg 300w, https:\/\/www.sirionracing.com\/wp-content\/uploads\/2025\/04\/insti-1024x685.jpg 1024w, https:\/\/www.sirionracing.com\/wp-content\/uploads\/2025\/04\/insti-768x514.jpg 768w\" sizes=\"(max-width: 1536px) 100vw, 1536px\" \/>\t\t\t\t\t\t\t\t\t\t\t\t\t\t\t<\/div>\n\t\t\t\t<\/div>\n\t\t\t\t<\/div>\n\t\t<div class=\"elementor-element elementor-element-7b4fb8bb e-con-full e-flex e-con e-child\" data-id=\"7b4fb8bb\" data-element_type=\"container\">\n\t\t\t\t<div class=\"elementor-element elementor-element-5e543a2d elementor-widget elementor-widget-heading\" data-id=\"5e543a2d\" data-element_type=\"widget\" data-widget_type=\"heading.default\">\n\t\t\t\t<div class=\"elementor-widget-container\">\n\t\t\t\t\t<h5 class=\"elementor-heading-title elementor-size-default\">where we come from<\/h5>\t\t\t\t<\/div>\n\t\t\t\t<\/div>\n\t\t\t\t<div class=\"elementor-element elementor-element-2374ccdf elementor-widget elementor-widget-text-editor\" data-id=\"2374ccdf\" data-element_type=\"widget\" data-widget_type=\"text-editor.default\">\n\t\t\t\t<div class=\"elementor-widget-container\">\n\t\t\t\t\t\t\t\t\t<p><span class=\"\" data-bm=\"130\">we<\/span> <span class=\"\" data-bm=\"132\">are<\/span> <span class=\"\" data-bm=\"134\">a<\/span> <span class=\"\" data-bm=\"136\">group<\/span> <span class=\"\" data-bm=\"138\">of<\/span> <span class=\"\" data-bm=\"140\">students<\/span> <span class=\"\" data-bm=\"142\">from<\/span> <span class=\"\" data-bm=\"144\">the<\/span> <span class=\"\" data-bm=\"146\">baccalaureate<\/span><span data-bm=\"147\">\u00a0<\/span><span class=\"\" data-bm=\"148\">of<\/span> <span class=\"\" data-bm=\"150\">excellence<\/span> <span class=\"\" data-bm=\"152\">of<\/span> <span class=\"\" data-bm=\"154\">IES<\/span> <span class=\" \" data-bm=\"156\">las<\/span> <span class=\"\" data-bm=\"158\">encinas<\/span> <span class=\"\" data-bm=\"160\">and<\/span> <span class=\"\" data-bm=\"162\">we<\/span> <span class=\"\" data-bm=\"164\">are<\/span> <span class=\"\" data-bm=\"166\">one<\/span> <span class=\"\" data-bm=\"168\">of<\/span> <span class=\" \" data-bm=\"170\">the<\/span> <span class=\"\" data-bm=\"172\">two<\/span> <span class=\"\" data-bm=\"174\">participating<\/span> <span class=\"\" data-bm=\"176\">teams<\/span> <span class=\"\" data-bm=\"178\">of<\/span> <span class=\"\" data-bm=\"180\">our<\/span> <span class=\"\" data-bm=\"182\">highschool. We are able to take part in this great campaign thanks to the help of our wonderful teachers, our drive to learn and our love for science.\u00a0<\/span><\/p>\t\t\t\t\t\t\t\t<\/div>\n\t\t\t\t<\/div>\n\t\t\t\t<div class=\"elementor-element elementor-element-0c17520 elementor-widget elementor-widget-image\" data-id=\"0c17520\" data-element_type=\"widget\" data-widget_type=\"image.default\">\n\t\t\t\t<div class=\"elementor-widget-container\">\n\t\t\t\t\t\t\t\t\t\t\t\t\t\t\t<img decoding=\"async\" width=\"418\" height=\"418\" src=\"https:\/\/www.sirionracing.com\/wp-content\/uploads\/2025\/04\/lasencinaslogo-guay.png\" class=\"attachment-large size-large wp-image-530\" alt=\"\" srcset=\"https:\/\/www.sirionracing.com\/wp-content\/uploads\/2025\/04\/lasencinaslogo-guay.png 418w, https:\/\/www.sirionracing.com\/wp-content\/uploads\/2025\/04\/lasencinaslogo-guay-300x300.png 300w, https:\/\/www.sirionracing.com\/wp-content\/uploads\/2025\/04\/lasencinaslogo-guay-150x150.png 150w\" sizes=\"(max-width: 418px) 100vw, 418px\" \/>\t\t\t\t\t\t\t\t\t\t\t\t\t\t\t<\/div>\n\t\t\t\t<\/div>\n\t\t\t\t<\/div>\n\t\t\t\t\t<\/div>\n\t\t\t\t<\/div>\n\t\t<div class=\"elementor-element elementor-element-56519b1c e-flex e-con-boxed e-con e-parent\" data-id=\"56519b1c\" data-element_type=\"container\">\n\t\t\t\t\t<div class=\"e-con-inner\">\n\t\t<div class=\"elementor-element elementor-element-7fee91c3 e-con-full e-flex e-con e-child\" data-id=\"7fee91c3\" data-element_type=\"container\">\n\t\t\t\t<div class=\"elementor-element elementor-element-2af111d0 elementor-widget elementor-widget-image\" data-id=\"2af111d0\" data-element_type=\"widget\" data-widget_type=\"image.default\">\n\t\t\t\t<div class=\"elementor-widget-container\">\n\t\t\t\t\t\t\t\t\t\t\t\t\t\t\t<img loading=\"lazy\" decoding=\"async\" width=\"1080\" height=\"797\" src=\"https:\/\/www.sirionracing.com\/wp-content\/uploads\/2025\/04\/WhatsApp-Image-2025-04-20-at-16.04.55.jpeg\" class=\"attachment-full size-full wp-image-543\" alt=\"\" srcset=\"https:\/\/www.sirionracing.com\/wp-content\/uploads\/2025\/04\/WhatsApp-Image-2025-04-20-at-16.04.55.jpeg 1080w, https:\/\/www.sirionracing.com\/wp-content\/uploads\/2025\/04\/WhatsApp-Image-2025-04-20-at-16.04.55-300x221.jpeg 300w, https:\/\/www.sirionracing.com\/wp-content\/uploads\/2025\/04\/WhatsApp-Image-2025-04-20-at-16.04.55-1024x756.jpeg 1024w, https:\/\/www.sirionracing.com\/wp-content\/uploads\/2025\/04\/WhatsApp-Image-2025-04-20-at-16.04.55-768x567.jpeg 768w\" sizes=\"(max-width: 1080px) 100vw, 1080px\" \/>\t\t\t\t\t\t\t\t\t\t\t\t\t\t\t<\/div>\n\t\t\t\t<\/div>\n\t\t\t\t<\/div>\n\t\t<div class=\"elementor-element elementor-element-1d7c77db e-con-full e-flex e-con e-child\" data-id=\"1d7c77db\" data-element_type=\"container\">\n\t\t\t\t<div class=\"elementor-element elementor-element-2d1f7480 elementor-widget elementor-widget-heading\" data-id=\"2d1f7480\" data-element_type=\"widget\" data-widget_type=\"heading.default\">\n\t\t\t\t<div class=\"elementor-widget-container\">\n\t\t\t\t\t<h5 class=\"elementor-heading-title elementor-size-default\">Marketing and design<\/h5>\t\t\t\t<\/div>\n\t\t\t\t<\/div>\n\t\t\t\t<div class=\"elementor-element elementor-element-55b3ca9c elementor-widget elementor-widget-heading\" data-id=\"55b3ca9c\" data-element_type=\"widget\" data-widget_type=\"heading.default\">\n\t\t\t\t<div class=\"elementor-widget-container\">\n\t\t\t\t\t<h2 class=\"elementor-heading-title elementor-size-default\">Behind the star<\/h2>\t\t\t\t<\/div>\n\t\t\t\t<\/div>\n\t\t\t\t<div class=\"elementor-element elementor-element-1a088b12 elementor-widget elementor-widget-text-editor\" data-id=\"1a088b12\" data-element_type=\"widget\" data-widget_type=\"text-editor.default\">\n\t\t\t\t<div class=\"elementor-widget-container\">\n\t\t\t\t\t\t\t\t\t<p>Our Marketing and Design Team is composed of Celia Beltr\u00e1n and Adri\u00e1n Gonz\u00e1lez. They are responsible for shaping the team&#8217;s image, creating merchandising, leading promotional efforts, and reaching out to companies for potential partnerships. This team plays a crucial role in developing an attractive campaign and ensuring strong social media presence and coverage<\/p>\t\t\t\t\t\t\t\t<\/div>\n\t\t\t\t<\/div>\n\t\t\t\t<div class=\"elementor-element elementor-element-1ef0e77b elementor-mobile-align-center elementor-widget elementor-widget-button\" data-id=\"1ef0e77b\" data-element_type=\"widget\" data-widget_type=\"button.default\">\n\t\t\t\t<div class=\"elementor-widget-container\">\n\t\t\t\t\t\t\t\t\t<div class=\"elementor-button-wrapper\">\n\t\t\t\t\t<a class=\"elementor-button elementor-button-link elementor-size-sm\" href=\"https:\/\/www.sirionracing.com\/index.php\/in-shape-for-good-nutrition-plan\/\">\n\t\t\t\t\t\t<span class=\"elementor-button-content-wrapper\">\n\t\t\t\t\t\t\t\t\t<span class=\"elementor-button-text\">design in f1 in schools<\/span>\n\t\t\t\t\t<\/span>\n\t\t\t\t\t<\/a>\n\t\t\t\t<\/div>\n\t\t\t\t\t\t\t\t<\/div>\n\t\t\t\t<\/div>\n\t\t\t\t<\/div>\n\t\t\t\t\t<\/div>\n\t\t\t\t<\/div>\n\t\t<div class=\"elementor-element elementor-element-611b4b0d e-flex e-con-boxed e-con e-parent\" data-id=\"611b4b0d\" data-element_type=\"container\">\n\t\t\t\t\t<div class=\"e-con-inner\">\n\t\t<div class=\"elementor-element elementor-element-52481228 e-con-full e-flex e-con e-child\" data-id=\"52481228\" data-element_type=\"container\">\n\t\t\t\t<div class=\"elementor-element elementor-element-7e8f57d1 elementor-widget elementor-widget-image\" data-id=\"7e8f57d1\" data-element_type=\"widget\" data-widget_type=\"image.default\">\n\t\t\t\t<div class=\"elementor-widget-container\">\n\t\t\t\t\t\t\t\t\t\t\t\t\t\t\t<img loading=\"lazy\" decoding=\"async\" width=\"2048\" height=\"2048\" src=\"https:\/\/www.sirionracing.com\/wp-content\/uploads\/2025\/04\/WhatsApp-Image-2025-04-20-at-16.26.57.jpeg\" class=\"attachment-full size-full wp-image-552\" alt=\"\" srcset=\"https:\/\/www.sirionracing.com\/wp-content\/uploads\/2025\/04\/WhatsApp-Image-2025-04-20-at-16.26.57.jpeg 2048w, https:\/\/www.sirionracing.com\/wp-content\/uploads\/2025\/04\/WhatsApp-Image-2025-04-20-at-16.26.57-300x300.jpeg 300w, https:\/\/www.sirionracing.com\/wp-content\/uploads\/2025\/04\/WhatsApp-Image-2025-04-20-at-16.26.57-1024x1024.jpeg 1024w, https:\/\/www.sirionracing.com\/wp-content\/uploads\/2025\/04\/WhatsApp-Image-2025-04-20-at-16.26.57-150x150.jpeg 150w, https:\/\/www.sirionracing.com\/wp-content\/uploads\/2025\/04\/WhatsApp-Image-2025-04-20-at-16.26.57-768x768.jpeg 768w, https:\/\/www.sirionracing.com\/wp-content\/uploads\/2025\/04\/WhatsApp-Image-2025-04-20-at-16.26.57-1536x1536.jpeg 1536w\" sizes=\"(max-width: 2048px) 100vw, 2048px\" \/>\t\t\t\t\t\t\t\t\t\t\t\t\t\t\t<\/div>\n\t\t\t\t<\/div>\n\t\t\t\t<\/div>\n\t\t<div class=\"elementor-element elementor-element-1c43adbe e-con-full e-flex e-con e-child\" data-id=\"1c43adbe\" data-element_type=\"container\">\n\t\t\t\t<div class=\"elementor-element elementor-element-429db964 elementor-widget elementor-widget-heading\" data-id=\"429db964\" data-element_type=\"widget\" data-widget_type=\"heading.default\">\n\t\t\t\t<div class=\"elementor-widget-container\">\n\t\t\t\t\t<h5 class=\"elementor-heading-title elementor-size-default\">Engeneering and manufacturing<\/h5>\t\t\t\t<\/div>\n\t\t\t\t<\/div>\n\t\t\t\t<div class=\"elementor-element elementor-element-4059ac4d elementor-widget elementor-widget-heading\" data-id=\"4059ac4d\" data-element_type=\"widget\" data-widget_type=\"heading.default\">\n\t\t\t\t<div class=\"elementor-widget-container\">\n\t\t\t\t\t<h2 class=\"elementor-heading-title elementor-size-default\">The brain behind the engine<\/h2>\t\t\t\t<\/div>\n\t\t\t\t<\/div>\n\t\t\t\t<div class=\"elementor-element elementor-element-374dd148 elementor-widget elementor-widget-text-editor\" data-id=\"374dd148\" data-element_type=\"widget\" data-widget_type=\"text-editor.default\">\n\t\t\t\t<div class=\"elementor-widget-container\">\n\t\t\t\t\t\t\t\t\t<p>Our Engineering Team is conformed of Aar\u00f3n Asensio, Dario Amo and C\u00e9sar Moreno. They are responsible for the design, development, and optimization of our car. This team focuses on aerodynamics, materials, and manufacturing processes to ensure top performance. They use advanced design software, run simulations, and carry out tests to refine every detail. Their technical expertise is essential to turning innovative ideas into a fast, efficient, and competitive car.<\/p>\t\t\t\t\t\t\t\t<\/div>\n\t\t\t\t<\/div>\n\t\t\t\t<div class=\"elementor-element elementor-element-4ecdbeae elementor-mobile-align-center elementor-widget elementor-widget-button\" data-id=\"4ecdbeae\" data-element_type=\"widget\" data-widget_type=\"button.default\">\n\t\t\t\t<div class=\"elementor-widget-container\">\n\t\t\t\t\t\t\t\t\t<div class=\"elementor-button-wrapper\">\n\t\t\t\t\t<a class=\"elementor-button elementor-button-link elementor-size-sm\" href=\"https:\/\/www.sirionracing.com\/index.php\/about\/\">\n\t\t\t\t\t\t<span class=\"elementor-button-content-wrapper\">\n\t\t\t\t\t\t\t\t\t<span class=\"elementor-button-text\">our car<\/span>\n\t\t\t\t\t<\/span>\n\t\t\t\t\t<\/a>\n\t\t\t\t<\/div>\n\t\t\t\t\t\t\t\t<\/div>\n\t\t\t\t<\/div>\n\t\t\t\t<\/div>\n\t\t\t\t\t<\/div>\n\t\t\t\t<\/div>\n\t\t\t\t<\/div>\n\t\t","protected":false},"excerpt":{"rendered":"<p>Meet the team Who is behind sirion racing? where we come from we are a group of students from the baccalaureate\u00a0of excellence of IES las encinas and we are one of the two participating teams of our highschool. We are able to take part in this great campaign thanks to the help of our wonderful [&hellip;]<\/p>\n","protected":false},"author":2,"featured_media":0,"parent":0,"menu_order":0,"comment_status":"closed","ping_status":"closed","template":"elementor_header_footer","meta":{"footnotes":""},"class_list":["post-286","page","type-page","status-publish","hentry"],"_links":{"self":[{"href":"https:\/\/www.sirionracing.com\/index.php\/wp-json\/wp\/v2\/pages\/286","targetHints":{"allow":["GET"]}}],"collection":[{"href":"https:\/\/www.sirionracing.com\/index.php\/wp-json\/wp\/v2\/pages"}],"about":[{"href":"https:\/\/www.sirionracing.com\/index.php\/wp-json\/wp\/v2\/types\/page"}],"author":[{"embeddable":true,"href":"https:\/\/www.sirionracing.com\/index.php\/wp-json\/wp\/v2\/users\/2"}],"replies":[{"embeddable":true,"href":"https:\/\/www.sirionracing.com\/index.php\/wp-json\/wp\/v2\/comments?post=286"}],"version-history":[{"count":34,"href":"https:\/\/www.sirionracing.com\/index.php\/wp-json\/wp\/v2\/pages\/286\/revisions"}],"predecessor-version":[{"id":574,"href":"https:\/\/www.sirionracing.com\/index.php\/wp-json\/wp\/v2\/pages\/286\/revisions\/574"}],"wp:attachment":[{"href":"https:\/\/www.sirionracing.com\/index.php\/wp-json\/wp\/v2\/media?parent=286"}],"curies":[{"name":"wp","href":"https:\/\/api.w.org\/{rel}","templated":true}]}}